{"id":783,"date":"2024-04-24T20:15:31","date_gmt":"2024-04-24T23:15:31","guid":{"rendered":"https:\/\/pluginsds.com\/sites\/?post_type=product&#038;p=783"},"modified":"2024-04-24T20:16:38","modified_gmt":"2024-04-24T23:16:38","slug":"ringlinght-led-luz-flash-estudio-profissional-com-tripe-210m","status":"publish","type":"product","link":"https:\/\/agenciadb5.com\/tecudi\/produto\/ringlinght-led-luz-flash-estudio-profissional-com-tripe-210m\/","title":{"rendered":"Ringlinght Led Luz Flash Estudio Profissional Com Tripe 210m"},"content":{"rendered":"<p>RING LIGHT LED 12 POL GRANDE<\/p>\n<p>Ring Light Led 12 pol Completo Iluminador Port\u00e1til 30cm Trip\u00e9 360\u00ba + Trip\u00e9 2.1M 360\u00ba<\/p>\n<p>Ring Light \u00e9 uma esp\u00e9cie de iluminador em forma circular usado principalmente em produ\u00e7\u00f5es de v\u00eddeo e fotografia. Ele \u00e9 composto por uma s\u00e9rie de luzes LED que fornecem uma ilumina\u00e7\u00e3o uniforme e suave, dando um aspecto mais profissional \u00e0s fotos e v\u00eddeos.<\/p>\n<p>&#8211; Pronta entrega<br \/>\n&#8211; Envio Imediato<br \/>\n&#8211; O produto \u00e9 100% igual ao da foto!<\/p>\n<p>CARACT\u00c9RISTICAS:<br \/>\n&#8211; 3 Tipos de Cores , Branco Frio , Branco Neutro e Branco Quente.<\/p>\n<p>&#8211; Novo est\u00fadio de luz modelo anel de preenchimento. \u00c9 aplicado em foto ao ar livre, serve para iluminar a casa, retrato, moda, arte de casamento, grava\u00e7\u00e3o de v\u00eddeo, etc.<\/p>\n<p>&#8211; Nenhuma radia\u00e7\u00e3o ultravioleta e luz infravermelha, tem baixa produ\u00e7\u00e3o de calor. Longa vida \u00fatil de mais de 50000hrs.<\/p>\n<p>&#8211; O anel em forma de luz vai fazer os olhos mais brilhantes, o que faz com que o retrato fique mais perfeito!<\/p>\n<p>&#8211; Com trip\u00e9 e rota\u00e7\u00e3o 360\u00ba grau a selfie ou v\u00eddeo, pode ser feita em qualquer \u00e2ngulo.<\/p>\n<p>&#8211; Perfeitos para youtubers e grava\u00e7\u00e3o de vlogs.<\/p>\n<p>ESPECIFICA\u00c7\u00d5ES:<br \/>\n\u2022 Cor: Preto<br \/>\n\u2022 Di\u00e2metro externo: 36cm \/ Di\u00e2metro interno: 30cm<br \/>\n\u2022 Pot\u00eancia: 25 MAX<br \/>\n\u2022 Voltagem: 110V-220V<br \/>\n\u2022 USB: cabo de alimenta\u00e7\u00e3o comprimento 200 cent\u00edmetros<br \/>\n\u2022 Material: liga de alum\u00ednio\/ABS<br \/>\n\u2022 Fonte de luz: LED SMD<br \/>\n\u2022 L\u00e2mpadas de LED: 64 pcs<br \/>\n\u2022 Forma: Anel<\/p>\n<p>ITENS INCLUSOS:<br \/>\n1 &#8211; Ring Light 30cm \/ 12 polegadas<br \/>\n1 &#8211; Adaptador de celular (pode ser usado na vertical ou horizontal)<br \/>\n1 &#8211; Adaptador Ball Head 360\u00b0<br \/>\n1 &#8211; Trip\u00e9 0,65 &#8211; 2,1m<\/p>\n<p>Dimens\u00f5es: 36cm externo<br \/>\nDimens\u00f5es: 30cm interno<\/p>\n<p>AVISO: entrada do produto USB \u00e9 compat\u00edvel com fonte de celular<\/p>\n<p>OBSERVA\u00c7\u00d5ES:<br \/>\n1 &#8211; Cuidado ao montar o Ball Head da Ring Light no trip\u00e9, pois pode quebrar o fio e n\u00e3o poderemos cobrir com a garantia.<\/p>\n<p>2 &#8211; Trip\u00e9 quebrado por queda ou chute tamb\u00e9m n\u00e3o cobrir\u00e1 a garantia.<\/p>\n<p>3 &#8211; Para usar na tomada necessita de uma fonte (plug) de celular que N\u00c3O vem incluso. Quanto ao uso na tomada N\u00c3O recomendamos carregadores &#8220;turbo&#8221;. A fonte usada deve ter entre 5w e 12w. O produto \u00e9 BIVOLT.<\/p>\n<p>4 &#8211; O produto n\u00e3o \u00e9 a bateria, ou seja, necessita estar na alimenta\u00e7\u00e3o para funcionar.<\/p>\n<p>5 &#8211; O trip\u00e9 possui 65cm de altura e pode ser estendido para at\u00e9 2,10m. O suporte de celular tem 5,5cm de largura e se estende para at\u00e9 8,5cm. O Ring Light tem 30cm de di\u00e2metro (12 polegadas). O cabo da Ring Light tem aproximadamente 1,9m.<\/p>\n<p>Garantia do vendedor: 30 dias<\/p>\n","protected":false},"excerpt":{"rendered":"<p>RING LIGHT LED 12 POL GRANDE Ring Light Led 12 pol Completo Iluminador Port\u00e1til 30cm Trip\u00e9 360\u00ba + Trip\u00e9 2.1M 360\u00ba Ring Light \u00e9 uma esp\u00e9cie de iluminador em forma circular usado principalmente em produ\u00e7\u00f5es de v\u00eddeo e fotografia. Ele \u00e9 composto por uma s\u00e9rie de luzes LED que fornecem uma ilumina\u00e7\u00e3o uniforme e suave, [&hellip;]<\/p>\n","protected":false},"featured_media":838,"comment_status":"open","ping_status":"closed","template":"","meta":[],"product_brand":[],"product_cat":[26],"product_tag":[],"class_list":{"0":"post-783","1":"product","2":"type-product","3":"status-publish","4":"has-post-thumbnail","6":"product_cat-ring-light","8":"first","9":"instock","10":"sale","11":"shipping-taxable","12":"purchasable","13":"product-type-simple"},"_links":{"self":[{"href":"https:\/\/agenciadb5.com\/tecudi\/wp-json\/wp\/v2\/product\/783","targetHints":{"allow":["GET"]}}],"collection":[{"href":"https:\/\/agenciadb5.com\/tecudi\/wp-json\/wp\/v2\/product"}],"about":[{"href":"https:\/\/agenciadb5.com\/tecudi\/wp-json\/wp\/v2\/types\/product"}],"replies":[{"embeddable":true,"href":"https:\/\/agenciadb5.com\/tecudi\/wp-json\/wp\/v2\/comments?post=783"}],"wp:featuredmedia":[{"embeddable":true,"href":"https:\/\/agenciadb5.com\/tecudi\/wp-json\/wp\/v2\/media\/838"}],"wp:attachment":[{"href":"https:\/\/agenciadb5.com\/tecudi\/wp-json\/wp\/v2\/media?parent=783"}],"wp:term":[{"taxonomy":"product_brand","embeddable":true,"href":"https:\/\/agenciadb5.com\/tecudi\/wp-json\/wp\/v2\/product_brand?post=783"},{"taxonomy":"product_cat","embeddable":true,"href":"https:\/\/agenciadb5.com\/tecudi\/wp-json\/wp\/v2\/product_cat?post=783"},{"taxonomy":"product_tag","embeddable":true,"href":"https:\/\/agenciadb5.com\/tecudi\/wp-json\/wp\/v2\/product_tag?post=783"}],"curies":[{"name":"wp","href":"https:\/\/api.w.org\/{rel}","templated":true}]}}