{"id":770,"date":"2024-04-24T20:15:31","date_gmt":"2024-04-24T23:15:31","guid":{"rendered":"https:\/\/pluginsds.com\/sites\/?post_type=product&#038;p=770"},"modified":"2024-04-24T20:15:51","modified_gmt":"2024-04-24T23:15:51","slug":"mini-maquina-de-lavar-roupas-e-loucas-portatil","status":"publish","type":"product","link":"https:\/\/agenciadb5.com\/tecudi\/produto\/mini-maquina-de-lavar-roupas-e-loucas-portatil\/","title":{"rendered":"Mini M\u00e1quina de Lavar Roupas e Lou\u00e7as Port\u00e1til"},"content":{"rendered":"","protected":false},"excerpt":{"rendered":"","protected":false},"featured_media":793,"comment_status":"open","ping_status":"closed","template":"","meta":[],"product_brand":[],"product_cat":[35,36],"product_tag":[],"class_list":{"0":"post-770","1":"product","2":"type-product","3":"status-publish","4":"has-post-thumbnail","6":"product_cat-casa","7":"product_cat-produtos-do-tiktok","9":"first","10":"instock","11":"sale","12":"shipping-taxable","13":"purchasable","14":"product-type-simple"},"_links":{"self":[{"href":"https:\/\/agenciadb5.com\/tecudi\/wp-json\/wp\/v2\/product\/770","targetHints":{"allow":["GET"]}}],"collection":[{"href":"https:\/\/agenciadb5.com\/tecudi\/wp-json\/wp\/v2\/product"}],"about":[{"href":"https:\/\/agenciadb5.com\/tecudi\/wp-json\/wp\/v2\/types\/product"}],"replies":[{"embeddable":true,"href":"https:\/\/agenciadb5.com\/tecudi\/wp-json\/wp\/v2\/comments?post=770"}],"wp:featuredmedia":[{"embeddable":true,"href":"https:\/\/agenciadb5.com\/tecudi\/wp-json\/wp\/v2\/media\/793"}],"wp:attachment":[{"href":"https:\/\/agenciadb5.com\/tecudi\/wp-json\/wp\/v2\/media?parent=770"}],"wp:term":[{"taxonomy":"product_brand","embeddable":true,"href":"https:\/\/agenciadb5.com\/tecudi\/wp-json\/wp\/v2\/product_brand?post=770"},{"taxonomy":"product_cat","embeddable":true,"href":"https:\/\/agenciadb5.com\/tecudi\/wp-json\/wp\/v2\/product_cat?post=770"},{"taxonomy":"product_tag","embeddable":true,"href":"https:\/\/agenciadb5.com\/tecudi\/wp-json\/wp\/v2\/product_tag?post=770"}],"curies":[{"name":"wp","href":"https:\/\/api.w.org\/{rel}","templated":true}]}}